{"id":1426,"date":"2022-06-07T09:05:55","date_gmt":"2022-06-07T09:05:55","guid":{"rendered":"https:\/\/demodrivers.org\/contact\/"},"modified":"2025-04-09T07:11:33","modified_gmt":"2025-04-09T07:11:33","slug":"contact","status":"publish","type":"page","link":"https:\/\/demodrivers.org\/es\/contact\/","title":{"rendered":"Contacto"},"content":{"rendered":"\n<div class=\"wp-block-cover alignfull hero hero_01\"><span aria-hidden=\"true\" class=\"wp-block-cover__background has-background-dim-80 has-background-dim wp-block-cover__gradient-background has-background-gradient has-header-gradient-gradient-background\" style=\"background-color:#737970\"><\/span><img loading=\"lazy\" decoding=\"async\" width=\"960\" height=\"720\" class=\"wp-block-cover__image-background wp-image-1604\" alt=\"\" src=\"https:\/\/demodrivers.org\/wp-content\/uploads\/2025\/01\/IMG_Amazonia_Precolombina-1.jpg\" data-object-fit=\"cover\" srcset=\"https:\/\/demodrivers.org\/wp-content\/uploads\/2025\/01\/IMG_Amazonia_Precolombina-1.jpg 960w, https:\/\/demodrivers.org\/wp-content\/uploads\/2025\/01\/IMG_Amazonia_Precolombina-1-300x225.jpg 300w, https:\/\/demodrivers.org\/wp-content\/uploads\/2025\/01\/IMG_Amazonia_Precolombina-1-800x600.jpg 800w\" sizes=\"auto, (max-width: 960px) 100vw, 960px\" \/><div class=\"wp-block-cover__inner-container is-layout-flow wp-block-cover-is-layout-flow\"><h1 class=\"has-text-align-center wp-block-post-title has-xx-large-fluid-font-size\">Contacto<\/h1><\/div><\/div>\n\n<div class=\"wp-block-group block-section is-layout-flow wp-block-group-is-layout-flow\">\n<div class=\"wp-block-columns is-layout-flex wp-container-core-columns-is-layout-1 wp-block-columns-is-layout-flex\">\n<div class=\"wp-block-column is-layout-flow wp-block-column-is-layout-flow\">\n<div class=\"wp-block-group is-layout-flow wp-container-core-group-is-layout-1 wp-block-group-is-layout-flow\" style=\"padding-top:10px;padding-right:10px;padding-bottom:10px;padding-left:10px\">\n<h3 class=\"wp-block-heading has-foreground-color has-text-color\">Informaci\u00f3n<\/h3>\n\n\n\n<p class=\"has-primary-color has-text-color has-medium-font-size\">Umberto Lombardo<\/p>\n\n\n\n<p class=\"has-secondary-darker-color has-text-color\"><a href=\"mailto:Umberto.Lombardo@uab.cat\">Umberto.Lombardo@uab.cat<\/a><\/p>\n\n\n\n<p class=\"has-primary-color has-text-color has-medium-font-size\">Departamento de Prehistoria e Instituto de Ciencia y Tecnolog\u00eda Ambientales (ICTA-UAB)<\/p>\n\n\n\n<p>Universitat Aut\u00f2noma de Barcelona<br\/>08193, Bellaterra, Espa\u00f1a<\/p>\n<\/div>\n<\/div>\n\n\n\n<div class=\"wp-block-column is-layout-flow wp-block-column-is-layout-flow\">\n<div class=\"wp-block-group is-layout-flow wp-container-core-group-is-layout-2 wp-block-group-is-layout-flow\" style=\"padding-top:10px;padding-right:10px;padding-bottom:10px;padding-left:10px\"><\/div>\n\n\n\n<figure class=\"wp-block-image size-full\"><img loading=\"lazy\" decoding=\"async\" width=\"2000\" height=\"1488\" src=\"https:\/\/demodrivers.org\/wp-content\/uploads\/2023\/12\/ICTA_UAB.jpg\" alt=\"\" class=\"wp-image-1370\" srcset=\"https:\/\/demodrivers.org\/wp-content\/uploads\/2023\/12\/ICTA_UAB.jpg 2000w, https:\/\/demodrivers.org\/wp-content\/uploads\/2023\/12\/ICTA_UAB-300x223.jpg 300w, https:\/\/demodrivers.org\/wp-content\/uploads\/2023\/12\/ICTA_UAB-1124x836.jpg 1124w, https:\/\/demodrivers.org\/wp-content\/uploads\/2023\/12\/ICTA_UAB-800x595.jpg 800w, https:\/\/demodrivers.org\/wp-content\/uploads\/2023\/12\/ICTA_UAB-1536x1143.jpg 1536w, https:\/\/demodrivers.org\/wp-content\/uploads\/2023\/12\/ICTA_UAB-1500x1116.jpg 1500w\" sizes=\"auto, (max-width: 2000px) 100vw, 2000px\" \/><\/figure>\n<\/div>\n<\/div>\n<\/div>\n","protected":false},"excerpt":{"rendered":"<p>Informaci\u00f3n Umberto Lombardo Umberto.Lombardo@uab.cat Departamento de Prehistoria e Instituto de Ciencia y Tecnolog\u00eda Ambientales (ICTA-UAB) Universitat Aut\u00f2noma de Barcelona08193, Bellaterra, Espa\u00f1a<\/p>\n","protected":false},"author":1,"featured_media":0,"parent":0,"menu_order":0,"comment_status":"closed","ping_status":"closed","template":"","meta":{"_acf_changed":false,"footnotes":""},"class_list":["post-1426","page","type-page","status-publish","hentry"],"acf":[],"yoast_head":"<!-- This site is optimized with the Yoast SEO plugin v24.5 - https:\/\/yoast.com\/wordpress\/plugins\/seo\/ -->\n<title>Contacto - Demodrivers<\/title>\n<meta name=\"robots\" content=\"index, follow, max-snippet:-1, max-image-preview:large, max-video-preview:-1\" \/>\n<link rel=\"canonical\" href=\"https:\/\/demodrivers.org\/es\/contact\/\" \/>\n<meta property=\"og:locale\" content=\"es_ES\" \/>\n<meta property=\"og:type\" content=\"article\" \/>\n<meta property=\"og:title\" content=\"Contacto - Demodrivers\" \/>\n<meta property=\"og:description\" content=\"Informaci\u00f3n Umberto Lombardo Umberto.Lombardo@uab.cat Departamento de Prehistoria e Instituto de Ciencia y Tecnolog\u00eda Ambientales (ICTA-UAB) Universitat Aut\u00f2noma de Barcelona08193, Bellaterra, Espa\u00f1a\" \/>\n<meta property=\"og:url\" content=\"https:\/\/demodrivers.org\/es\/contact\/\" \/>\n<meta property=\"og:site_name\" content=\"Demodrivers\" \/>\n<meta property=\"article:publisher\" content=\"https:\/\/www.facebook.com\/erctradition\/\" \/>\n<meta property=\"article:modified_time\" content=\"2025-04-09T07:11:33+00:00\" \/>\n<meta property=\"og:image\" content=\"https:\/\/demodrivers.org\/wp-content\/uploads\/2025\/01\/IMG_Amazonia_Precolombina-1.jpg\" \/>\n\t<meta property=\"og:image:width\" content=\"960\" \/>\n\t<meta property=\"og:image:height\" content=\"720\" \/>\n\t<meta property=\"og:image:type\" content=\"image\/jpeg\" \/>\n<meta name=\"twitter:card\" content=\"summary_large_image\" \/>\n<meta name=\"twitter:site\" content=\"@ErcTradition\" \/>\n<meta name=\"twitter:label1\" content=\"Tiempo de lectura\" \/>\n\t<meta name=\"twitter:data1\" content=\"1 minuto\" \/>\n<script type=\"application\/ld+json\" class=\"yoast-schema-graph\">{\"@context\":\"https:\/\/schema.org\",\"@graph\":[{\"@type\":\"WebPage\",\"@id\":\"https:\/\/demodrivers.org\/es\/contact\/\",\"url\":\"https:\/\/demodrivers.org\/es\/contact\/\",\"name\":\"Contacto - Demodrivers\",\"isPartOf\":{\"@id\":\"https:\/\/demodrivers.org\/es\/#website\"},\"primaryImageOfPage\":{\"@id\":\"https:\/\/demodrivers.org\/es\/contact\/#primaryimage\"},\"image\":{\"@id\":\"https:\/\/demodrivers.org\/es\/contact\/#primaryimage\"},\"thumbnailUrl\":\"https:\/\/demodrivers.org\/wp-content\/uploads\/2025\/01\/IMG_Amazonia_Precolombina-1.jpg\",\"datePublished\":\"2022-06-07T09:05:55+00:00\",\"dateModified\":\"2025-04-09T07:11:33+00:00\",\"breadcrumb\":{\"@id\":\"https:\/\/demodrivers.org\/es\/contact\/#breadcrumb\"},\"inLanguage\":\"es\",\"potentialAction\":[{\"@type\":\"ReadAction\",\"target\":[\"https:\/\/demodrivers.org\/es\/contact\/\"]}]},{\"@type\":\"ImageObject\",\"inLanguage\":\"es\",\"@id\":\"https:\/\/demodrivers.org\/es\/contact\/#primaryimage\",\"url\":\"https:\/\/demodrivers.org\/wp-content\/uploads\/2025\/01\/IMG_Amazonia_Precolombina-1.jpg\",\"contentUrl\":\"https:\/\/demodrivers.org\/wp-content\/uploads\/2025\/01\/IMG_Amazonia_Precolombina-1.jpg\"},{\"@type\":\"BreadcrumbList\",\"@id\":\"https:\/\/demodrivers.org\/es\/contact\/#breadcrumb\",\"itemListElement\":[{\"@type\":\"ListItem\",\"position\":1,\"name\":\"Home\",\"item\":\"https:\/\/demodrivers.org\/es\/\"},{\"@type\":\"ListItem\",\"position\":2,\"name\":\"Contacto\"}]},{\"@type\":\"WebSite\",\"@id\":\"https:\/\/demodrivers.org\/es\/#website\",\"url\":\"https:\/\/demodrivers.org\/es\/\",\"name\":\"Demodrivers\",\"description\":\"\",\"publisher\":{\"@id\":\"https:\/\/demodrivers.org\/es\/#organization\"},\"potentialAction\":[{\"@type\":\"SearchAction\",\"target\":{\"@type\":\"EntryPoint\",\"urlTemplate\":\"https:\/\/demodrivers.org\/es\/?s={search_term_string}\"},\"query-input\":{\"@type\":\"PropertyValueSpecification\",\"valueRequired\":true,\"valueName\":\"search_term_string\"}}],\"inLanguage\":\"es\"},{\"@type\":\"Organization\",\"@id\":\"https:\/\/demodrivers.org\/es\/#organization\",\"name\":\"ERC Tradition\",\"url\":\"https:\/\/demodrivers.org\/es\/\",\"logo\":{\"@type\":\"ImageObject\",\"inLanguage\":\"es\",\"@id\":\"https:\/\/demodrivers.org\/es\/#\/schema\/logo\/image\/\",\"url\":\"https:\/\/demodrivers.org\/wp-content\/uploads\/2022\/06\/placeholder-image.jpg\",\"contentUrl\":\"https:\/\/demodrivers.org\/wp-content\/uploads\/2022\/06\/placeholder-image.jpg\",\"width\":1000,\"height\":750,\"caption\":\"ERC Tradition\"},\"image\":{\"@id\":\"https:\/\/demodrivers.org\/es\/#\/schema\/logo\/image\/\"},\"sameAs\":[\"https:\/\/www.facebook.com\/erctradition\/\",\"https:\/\/x.com\/ErcTradition\"]}]}<\/script>\n<!-- \/ Yoast SEO plugin. -->","yoast_head_json":{"title":"Contacto - Demodrivers","robots":{"index":"index","follow":"follow","max-snippet":"max-snippet:-1","max-image-preview":"max-image-preview:large","max-video-preview":"max-video-preview:-1"},"canonical":"https:\/\/demodrivers.org\/es\/contact\/","og_locale":"es_ES","og_type":"article","og_title":"Contacto - Demodrivers","og_description":"Informaci\u00f3n Umberto Lombardo Umberto.Lombardo@uab.cat Departamento de Prehistoria e Instituto de Ciencia y Tecnolog\u00eda Ambientales (ICTA-UAB) Universitat Aut\u00f2noma de Barcelona08193, Bellaterra, Espa\u00f1a","og_url":"https:\/\/demodrivers.org\/es\/contact\/","og_site_name":"Demodrivers","article_publisher":"https:\/\/www.facebook.com\/erctradition\/","article_modified_time":"2025-04-09T07:11:33+00:00","og_image":[{"width":960,"height":720,"url":"https:\/\/demodrivers.org\/wp-content\/uploads\/2025\/01\/IMG_Amazonia_Precolombina-1.jpg","type":"image\/jpeg"}],"twitter_card":"summary_large_image","twitter_site":"@ErcTradition","twitter_misc":{"Tiempo de lectura":"1 minuto"},"schema":{"@context":"https:\/\/schema.org","@graph":[{"@type":"WebPage","@id":"https:\/\/demodrivers.org\/es\/contact\/","url":"https:\/\/demodrivers.org\/es\/contact\/","name":"Contacto - Demodrivers","isPartOf":{"@id":"https:\/\/demodrivers.org\/es\/#website"},"primaryImageOfPage":{"@id":"https:\/\/demodrivers.org\/es\/contact\/#primaryimage"},"image":{"@id":"https:\/\/demodrivers.org\/es\/contact\/#primaryimage"},"thumbnailUrl":"https:\/\/demodrivers.org\/wp-content\/uploads\/2025\/01\/IMG_Amazonia_Precolombina-1.jpg","datePublished":"2022-06-07T09:05:55+00:00","dateModified":"2025-04-09T07:11:33+00:00","breadcrumb":{"@id":"https:\/\/demodrivers.org\/es\/contact\/#breadcrumb"},"inLanguage":"es","potentialAction":[{"@type":"ReadAction","target":["https:\/\/demodrivers.org\/es\/contact\/"]}]},{"@type":"ImageObject","inLanguage":"es","@id":"https:\/\/demodrivers.org\/es\/contact\/#primaryimage","url":"https:\/\/demodrivers.org\/wp-content\/uploads\/2025\/01\/IMG_Amazonia_Precolombina-1.jpg","contentUrl":"https:\/\/demodrivers.org\/wp-content\/uploads\/2025\/01\/IMG_Amazonia_Precolombina-1.jpg"},{"@type":"BreadcrumbList","@id":"https:\/\/demodrivers.org\/es\/contact\/#breadcrumb","itemListElement":[{"@type":"ListItem","position":1,"name":"Home","item":"https:\/\/demodrivers.org\/es\/"},{"@type":"ListItem","position":2,"name":"Contacto"}]},{"@type":"WebSite","@id":"https:\/\/demodrivers.org\/es\/#website","url":"https:\/\/demodrivers.org\/es\/","name":"Demodrivers","description":"","publisher":{"@id":"https:\/\/demodrivers.org\/es\/#organization"},"potentialAction":[{"@type":"SearchAction","target":{"@type":"EntryPoint","urlTemplate":"https:\/\/demodrivers.org\/es\/?s={search_term_string}"},"query-input":{"@type":"PropertyValueSpecification","valueRequired":true,"valueName":"search_term_string"}}],"inLanguage":"es"},{"@type":"Organization","@id":"https:\/\/demodrivers.org\/es\/#organization","name":"ERC Tradition","url":"https:\/\/demodrivers.org\/es\/","logo":{"@type":"ImageObject","inLanguage":"es","@id":"https:\/\/demodrivers.org\/es\/#\/schema\/logo\/image\/","url":"https:\/\/demodrivers.org\/wp-content\/uploads\/2022\/06\/placeholder-image.jpg","contentUrl":"https:\/\/demodrivers.org\/wp-content\/uploads\/2022\/06\/placeholder-image.jpg","width":1000,"height":750,"caption":"ERC Tradition"},"image":{"@id":"https:\/\/demodrivers.org\/es\/#\/schema\/logo\/image\/"},"sameAs":["https:\/\/www.facebook.com\/erctradition\/","https:\/\/x.com\/ErcTradition"]}]}},"_links":{"self":[{"href":"https:\/\/demodrivers.org\/es\/wp-json\/wp\/v2\/pages\/1426","targetHints":{"allow":["GET"]}}],"collection":[{"href":"https:\/\/demodrivers.org\/es\/wp-json\/wp\/v2\/pages"}],"about":[{"href":"https:\/\/demodrivers.org\/es\/wp-json\/wp\/v2\/types\/page"}],"author":[{"embeddable":true,"href":"https:\/\/demodrivers.org\/es\/wp-json\/wp\/v2\/users\/1"}],"replies":[{"embeddable":true,"href":"https:\/\/demodrivers.org\/es\/wp-json\/wp\/v2\/comments?post=1426"}],"version-history":[{"count":4,"href":"https:\/\/demodrivers.org\/es\/wp-json\/wp\/v2\/pages\/1426\/revisions"}],"predecessor-version":[{"id":2006,"href":"https:\/\/demodrivers.org\/es\/wp-json\/wp\/v2\/pages\/1426\/revisions\/2006"}],"wp:attachment":[{"href":"https:\/\/demodrivers.org\/es\/wp-json\/wp\/v2\/media?parent=1426"}],"curies":[{"name":"wp","href":"https:\/\/api.w.org\/{rel}","templated":true}]}}