{"id":1728,"date":"2025-04-02T09:41:22","date_gmt":"2025-04-02T09:41:22","guid":{"rendered":"https:\/\/demodrivers.org\/?page_id=1728"},"modified":"2025-04-02T09:41:23","modified_gmt":"2025-04-02T09:41:23","slug":"metodologia","status":"publish","type":"page","link":"https:\/\/demodrivers.org\/es\/metodologia\/","title":{"rendered":"Metodolog\u00eda"},"content":{"rendered":"\n<div class=\"wp-block-cover is-light wp-duotone-01a029-fafafa-1\"><span aria-hidden=\"true\" class=\"wp-block-cover__background has-background-dim\" style=\"background-color:#9a9590\"><\/span><img loading=\"lazy\" decoding=\"async\" width=\"1920\" height=\"1280\" class=\"wp-block-cover__image-background wp-image-1383\" alt=\"\" src=\"https:\/\/demodrivers.org\/wp-content\/uploads\/2023\/12\/IMG_5611.jpg\" data-object-fit=\"cover\" srcset=\"https:\/\/demodrivers.org\/wp-content\/uploads\/2023\/12\/IMG_5611.jpg 1920w, https:\/\/demodrivers.org\/wp-content\/uploads\/2023\/12\/IMG_5611-300x200.jpg 300w, https:\/\/demodrivers.org\/wp-content\/uploads\/2023\/12\/IMG_5611-1124x749.jpg 1124w, https:\/\/demodrivers.org\/wp-content\/uploads\/2023\/12\/IMG_5611-800x533.jpg 800w, https:\/\/demodrivers.org\/wp-content\/uploads\/2023\/12\/IMG_5611-1536x1024.jpg 1536w, https:\/\/demodrivers.org\/wp-content\/uploads\/2023\/12\/IMG_5611-1500x1000.jpg 1500w\" sizes=\"auto, (max-width: 1920px) 100vw, 1920px\" \/><div class=\"wp-block-cover__inner-container is-layout-constrained wp-block-cover-is-layout-constrained\">\n<p class=\"has-text-align-center has-large-font-size\">Metodolog\u00eda<\/p>\n<\/div><\/div>\n\n\n\n<div class=\"wp-block-group is-content-justification-left is-layout-constrained wp-container-core-group-is-layout-1 wp-block-group-is-layout-constrained\">\n<p class=\"has-text-align-center\">Este proyecto maximizar\u00e1 el rico potencial que tiene el registro arqueol\u00f3gico de Llanos de Moxos mediante un enfoque innovador. Mediremos la densidad de la ocupaci\u00f3n humana y sus l\u00edmites espaciales y temporales estudiando 150 n\u00facleos estratigr\u00e1ficos extra\u00eddos de 100 yacimientos arqueol\u00f3gicos distribuidos uniformemente. Nuestra metodolog\u00eda adopta una perspectiva interdisciplinar, integrando de forma eficiente la arqueolog\u00eda convencional con disciplinas de \u00faltima generaci\u00f3n como la geoarqueolog\u00eda, la paleoclimatolog\u00eda, la paleoecolog\u00eda y la inteligencia artificial.<\/p>\n<\/div>\n\n\n\n<p><\/p>\n\n\n\n<div class=\"wp-block-media-text is-stacked-on-mobile\"><figure class=\"wp-block-media-text__media\"><img loading=\"lazy\" decoding=\"async\" width=\"1000\" height=\"1500\" src=\"https:\/\/demodrivers.org\/wp-content\/uploads\/2023\/12\/4b0de68c-a7e5-4f09-8dae-59bc43116fd6.jpg\" alt=\"\" class=\"wp-image-1389 size-full\" srcset=\"https:\/\/demodrivers.org\/wp-content\/uploads\/2023\/12\/4b0de68c-a7e5-4f09-8dae-59bc43116fd6.jpg 1000w, https:\/\/demodrivers.org\/wp-content\/uploads\/2023\/12\/4b0de68c-a7e5-4f09-8dae-59bc43116fd6-200x300.jpg 200w, https:\/\/demodrivers.org\/wp-content\/uploads\/2023\/12\/4b0de68c-a7e5-4f09-8dae-59bc43116fd6-800x1200.jpg 800w\" sizes=\"auto, (max-width: 1000px) 100vw, 1000px\" \/><\/figure><div class=\"wp-block-media-text__content\">\n<h2 class=\"wp-block-heading\">Una nueva forma de muestrear yacimientos arqueol\u00f3gicos.<\/h2>\n\n\n\n<p>La metodolog\u00eda innovadora aplicada en DEMODRIVERS, a trav\u00e9s de la cual m\u00faltiples yacimientos arqueol\u00f3gicos ser\u00e1n muestreados por perforaci\u00f3n, tal y como se hace en los \u00e1mbitos lacustres, demuestra el alto potencial para extraer informaci\u00f3n crucial sobre el uso antr\u00f3pico del suelo y la organizaci\u00f3n social en el pasado. Ello se logra combinando m\u00e9todos anal\u00edticos de vanguardia que eliminan la necesidad de excavaciones arqueol\u00f3gicas tradicionales. Este enfoque pionero supone una nueva metodolog\u00eda, m\u00ednimamente invasiva, que aborda una necesidad crucial para estudiar yacimientos arqueol\u00f3gicos. DEMODRIVERS muestra c\u00f3mo la investigaci\u00f3n arqueol\u00f3gica puede ampliar su alcance desde la excavaci\u00f3n de unos pocos sitios hasta operar a escala regional, respetando al mismo tiempo restricciones temporales y presupuestarias.<\/p>\n<\/div><\/div>\n\n\n\n<div class=\"wp-block-media-text has-media-on-the-right is-stacked-on-mobile\"><div class=\"wp-block-media-text__content\">\n<h2 class=\"wp-block-heading\">Ampliaci\u00f3n del an\u00e1lisis de fitolitos.<\/h2>\n\n\n\n<p>Actualmente estamos aplicando tres mejoras para agilizar y optimizar el an\u00e1lisis de fitolitos. En primer lugar, estamos afinando nuestro protocolo para la extracci\u00f3n de fitolitos (Lombardo et al., 2016) con el fin de acelerar el proceso y aumentar el n\u00famero de muestras procesadas por semana. En segundo lugar, estamos desarrollando un nuevo procedimiento para optimizar el montaje de fitolitos en el portaobjetos de vidrio de forma que puedan ser escaneados con nuestro microscopio esc\u00e1ner Olympus VS200. Finalmente, estamos entrenando sistemas de inteligencia artificial para identificar fitolitos en im\u00e1genes digitales. Estos avances, en su conjunto, nos permitir\u00e1n procesar y analizar m\u00e1s de 2000 muestras de fitolitos en el plazo de duraci\u00f3n del proyecto DEMODRIVERS.<\/p>\n<\/div><figure class=\"wp-block-media-text__media\"><img loading=\"lazy\" decoding=\"async\" width=\"1124\" height=\"843\" src=\"https:\/\/demodrivers.org\/wp-content\/uploads\/2023\/12\/WhatsApp-Image-2023-12-19-at-10.55.46-1124x843.jpeg\" alt=\"\" class=\"wp-image-1391 size-full\" srcset=\"https:\/\/demodrivers.org\/wp-content\/uploads\/2023\/12\/WhatsApp-Image-2023-12-19-at-10.55.46-1124x843.jpeg 1124w, https:\/\/demodrivers.org\/wp-content\/uploads\/2023\/12\/WhatsApp-Image-2023-12-19-at-10.55.46-300x225.jpeg 300w, https:\/\/demodrivers.org\/wp-content\/uploads\/2023\/12\/WhatsApp-Image-2023-12-19-at-10.55.46-800x600.jpeg 800w, https:\/\/demodrivers.org\/wp-content\/uploads\/2023\/12\/WhatsApp-Image-2023-12-19-at-10.55.46-1536x1152.jpeg 1536w, https:\/\/demodrivers.org\/wp-content\/uploads\/2023\/12\/WhatsApp-Image-2023-12-19-at-10.55.46-1500x1125.jpeg 1500w, https:\/\/demodrivers.org\/wp-content\/uploads\/2023\/12\/WhatsApp-Image-2023-12-19-at-10.55.46.jpeg 2000w\" sizes=\"auto, (max-width: 1124px) 100vw, 1124px\" \/><\/figure><\/div>\n\n\n\n<div class=\"wp-block-media-text is-stacked-on-mobile\"><figure class=\"wp-block-media-text__media\"><img loading=\"lazy\" decoding=\"async\" width=\"1124\" height=\"596\" src=\"https:\/\/demodrivers.org\/wp-content\/uploads\/2024\/02\/Captura-de-pantalla-2024-01-29-094244-1-1124x596.png\" alt=\"\" class=\"wp-image-1400 size-full\" srcset=\"https:\/\/demodrivers.org\/wp-content\/uploads\/2024\/02\/Captura-de-pantalla-2024-01-29-094244-1-1124x596.png 1124w, https:\/\/demodrivers.org\/wp-content\/uploads\/2024\/02\/Captura-de-pantalla-2024-01-29-094244-1-300x159.png 300w, https:\/\/demodrivers.org\/wp-content\/uploads\/2024\/02\/Captura-de-pantalla-2024-01-29-094244-1-800x424.png 800w, https:\/\/demodrivers.org\/wp-content\/uploads\/2024\/02\/Captura-de-pantalla-2024-01-29-094244-1-1536x814.png 1536w, https:\/\/demodrivers.org\/wp-content\/uploads\/2024\/02\/Captura-de-pantalla-2024-01-29-094244-1-1500x795.png 1500w, https:\/\/demodrivers.org\/wp-content\/uploads\/2024\/02\/Captura-de-pantalla-2024-01-29-094244-1.png 1803w\" sizes=\"auto, (max-width: 1124px) 100vw, 1124px\" \/><\/figure><div class=\"wp-block-media-text__content\">\n<h2 class=\"wp-block-heading\">Prospecci\u00f3n con LIDAR.<\/h2>\n\n\n\n<p>La t\u00e9cnica de Laser Imaging Detection and Ranging (LIDAR) desempe\u00f1a un papel fundamental en la investigaci\u00f3n arqueol\u00f3gica moderna debido a su capacidad \u00fanica para penetrar la vegetaci\u00f3n y revelar la topograf\u00eda subyacente. En el contexto de nuestras campa\u00f1as arqueol\u00f3gicas, utilizamos una soluci\u00f3n integrada entre drones y LIDAR, proporcionada por DJI. Para la adquisici\u00f3n de datos topogr\u00e1ficos de las islas bosque utilizamos el sensor LIDAR L1 Zenmuse, acoplado al dron Matrice 300 RTK y complementado con una estaci\u00f3n m\u00f3vil D-RTK2. Este sistema es f\u00e1cil de transportar i manejar. La configuraci\u00f3n resultante produce nubes de puntos de alta calidad caracterizadas por una precisi\u00f3n subm\u00e9trica. El sensor puede registrar hasta tres retornos, garantizando la captura de los puntos sobre el terreno, que luego se clasifican mediante un software espec\u00edfico. Posteriormente, los puntos del terreno identificados se utilizan en la generaci\u00f3n de modelos digitales de elevaci\u00f3n que tienen una resoluci\u00f3n de 10 cent\u00edmetros por p\u00edxel. El DEM de alta resoluci\u00f3n resultante se utiliza para extraer varios par\u00e1metros morfol\u00f3gicos, lo que permite la identificaci\u00f3n de tendencias y variabilidades en los sitios arqueol\u00f3gicos. Este enfoque nos ha permitido medir la topograf\u00eda de 59 islas bosque durante la campa\u00f1a de campo de 2023.<\/p>\n<\/div><\/div>\n\n\n\n<div class=\"wp-block-media-text has-media-on-the-right is-stacked-on-mobile is-vertically-aligned-center\"><div class=\"wp-block-media-text__content\">\n<h2 class=\"wp-block-heading\">An\u00e1lisis de composici\u00f3n de is\u00f3topos de hidr\u00f3geno (\u03b4D)<\/h2>\n\n\n\n<p>La composici\u00f3n de is\u00f3topos de hidr\u00f3geno del agua cambia cada vez que \u00e9sta se evapora (se empobrece de is\u00f3topos pesados \u200b\u200bde O y H) o precipita (se enriquece de is\u00f3topos pesados). Al rastrear los cambios en la composici\u00f3n de is\u00f3topos de hidr\u00f3geno (\u03b4D) a lo largo de un perfil estratigr\u00e1fico, podemos reconstruir registros de paleo-precipitaci\u00f3n. Lo hacemos analizando la composici\u00f3n de is\u00f3topos de hidr\u00f3geno (\u03b4D) de ceras vegetales extra\u00eddas del n\u00facleo de un lago y de islas bosque. Las ceras vegetales producidas por plantas terrestres contienen n-alkanes de cadena larga, que son compuestos refractarios que conservan sus distribuciones y composiciones isot\u00f3picas durante miles de a\u00f1os.<\/p>\n\n\n\n<p>Este paquete de trabajo se lleva a cabo en colaboraci\u00f3n con el Dr. Enno Schefu\u00df del MARUM (Bremen, Germany). Los n-alkanes de suelos, plantas y muestras de las islas bosque se extraer\u00e1n en el ICTA, pero los an\u00e1lisis de is\u00f3topos de hidr\u00f3geno estables espec\u00edficos de compuestos para evaluar cambios hidrol\u00f3gicos pasados \u200b\u200bse llevar\u00e1n a cabo en el MARUM, donde hay un laboratorio especializado y equipado con varios espectr\u00f3metros de masas, lo que garantiza la realizaci\u00f3n de an\u00e1lisis de is\u00f3topos de compuestos espec\u00edficos de muy alta precisi\u00f3n.<\/p>\n<\/div><figure class=\"wp-block-media-text__media\"><img loading=\"lazy\" decoding=\"async\" width=\"1124\" height=\"1499\" src=\"https:\/\/demodrivers.org\/wp-content\/uploads\/2024\/02\/WhatsApp-Image-2024-02-19-at-16.22.05-1124x1499.jpeg\" alt=\"\" class=\"wp-image-1405 size-full\" srcset=\"https:\/\/demodrivers.org\/wp-content\/uploads\/2024\/02\/WhatsApp-Image-2024-02-19-at-16.22.05-1124x1499.jpeg 1124w, https:\/\/demodrivers.org\/wp-content\/uploads\/2024\/02\/WhatsApp-Image-2024-02-19-at-16.22.05-225x300.jpeg 225w, https:\/\/demodrivers.org\/wp-content\/uploads\/2024\/02\/WhatsApp-Image-2024-02-19-at-16.22.05-800x1067.jpeg 800w, https:\/\/demodrivers.org\/wp-content\/uploads\/2024\/02\/WhatsApp-Image-2024-02-19-at-16.22.05-1152x1536.jpeg 1152w, https:\/\/demodrivers.org\/wp-content\/uploads\/2024\/02\/WhatsApp-Image-2024-02-19-at-16.22.05.jpeg 1500w\" sizes=\"auto, (max-width: 1124px) 100vw, 1124px\" \/><\/figure><\/div>\n","protected":false},"excerpt":{"rendered":"<p>Este proyecto maximizar\u00e1 el rico potencial que tiene el registro arqueol\u00f3gico de Llanos de Moxos mediante un enfoque innovador. Mediremos la densidad de la ocupaci\u00f3n humana y sus l\u00edmites espaciales y temporales estudiando 150 n\u00facleos estratigr\u00e1ficos extra\u00eddos de 100 yacimientos arqueol\u00f3gicos distribuidos uniformemente. Nuestra metodolog\u00eda adopta una perspectiva interdisciplinar, integrando de forma eficiente la arqueolog\u00eda<a class=\"excerpt-read-more\" href=\"https:\/\/demodrivers.org\/es\/metodologia\/\" title=\"Leer m\u00e1sMetodolog\u00eda\"> &#8230; Leer m\u00e1s<\/a><\/p>\n","protected":false},"author":4,"featured_media":1279,"parent":0,"menu_order":0,"comment_status":"closed","ping_status":"closed","template":"","meta":{"_acf_changed":false,"footnotes":""},"class_list":["post-1728","page","type-page","status-publish","hentry"],"acf":[],"yoast_head":"<!-- This site is optimized with the Yoast SEO plugin v24.5 - https:\/\/yoast.com\/wordpress\/plugins\/seo\/ -->\n<title>Metodolog\u00eda - Demodrivers<\/title>\n<meta name=\"robots\" content=\"index, follow, max-snippet:-1, max-image-preview:large, max-video-preview:-1\" \/>\n<link rel=\"canonical\" href=\"https:\/\/demodrivers.org\/es\/metodologia\/\" \/>\n<meta property=\"og:locale\" content=\"es_ES\" \/>\n<meta property=\"og:type\" content=\"article\" \/>\n<meta property=\"og:title\" content=\"Metodolog\u00eda - Demodrivers\" \/>\n<meta property=\"og:description\" content=\"Este proyecto maximizar\u00e1 el rico potencial que tiene el registro arqueol\u00f3gico de Llanos de Moxos mediante un enfoque innovador. Mediremos la densidad de la ocupaci\u00f3n humana y sus l\u00edmites espaciales y temporales estudiando 150 n\u00facleos estratigr\u00e1ficos extra\u00eddos de 100 yacimientos arqueol\u00f3gicos distribuidos uniformemente. Nuestra metodolog\u00eda adopta una perspectiva interdisciplinar, integrando de forma eficiente la arqueolog\u00eda ... Leer m\u00e1s\" \/>\n<meta property=\"og:url\" content=\"https:\/\/demodrivers.org\/es\/metodologia\/\" \/>\n<meta property=\"og:site_name\" content=\"Demodrivers\" \/>\n<meta property=\"article:publisher\" content=\"https:\/\/www.facebook.com\/erctradition\/\" \/>\n<meta property=\"article:modified_time\" content=\"2025-04-02T09:41:23+00:00\" \/>\n<meta property=\"og:image\" content=\"https:\/\/demodrivers.org\/wp-content\/uploads\/2023\/12\/P9201132-2-scaled.jpg\" \/>\n\t<meta property=\"og:image:width\" content=\"2560\" \/>\n\t<meta property=\"og:image:height\" content=\"1312\" \/>\n\t<meta property=\"og:image:type\" content=\"image\/jpeg\" \/>\n<meta name=\"twitter:card\" content=\"summary_large_image\" \/>\n<meta name=\"twitter:site\" content=\"@ErcTradition\" \/>\n<meta name=\"twitter:label1\" content=\"Tiempo de lectura\" \/>\n\t<meta name=\"twitter:data1\" content=\"4 minutos\" \/>\n<script type=\"application\/ld+json\" class=\"yoast-schema-graph\">{\"@context\":\"https:\/\/schema.org\",\"@graph\":[{\"@type\":\"WebPage\",\"@id\":\"https:\/\/demodrivers.org\/es\/metodologia\/\",\"url\":\"https:\/\/demodrivers.org\/es\/metodologia\/\",\"name\":\"Metodolog\u00eda - Demodrivers\",\"isPartOf\":{\"@id\":\"https:\/\/demodrivers.org\/es\/#website\"},\"primaryImageOfPage\":{\"@id\":\"https:\/\/demodrivers.org\/es\/metodologia\/#primaryimage\"},\"image\":{\"@id\":\"https:\/\/demodrivers.org\/es\/metodologia\/#primaryimage\"},\"thumbnailUrl\":\"https:\/\/demodrivers.org\/wp-content\/uploads\/2023\/12\/P9201132-2-scaled.jpg\",\"datePublished\":\"2025-04-02T09:41:22+00:00\",\"dateModified\":\"2025-04-02T09:41:23+00:00\",\"breadcrumb\":{\"@id\":\"https:\/\/demodrivers.org\/es\/metodologia\/#breadcrumb\"},\"inLanguage\":\"es\",\"potentialAction\":[{\"@type\":\"ReadAction\",\"target\":[\"https:\/\/demodrivers.org\/es\/metodologia\/\"]}]},{\"@type\":\"ImageObject\",\"inLanguage\":\"es\",\"@id\":\"https:\/\/demodrivers.org\/es\/metodologia\/#primaryimage\",\"url\":\"https:\/\/demodrivers.org\/wp-content\/uploads\/2023\/12\/P9201132-2-scaled.jpg\",\"contentUrl\":\"https:\/\/demodrivers.org\/wp-content\/uploads\/2023\/12\/P9201132-2-scaled.jpg\",\"width\":2560,\"height\":1312,\"caption\":\"OLYMPUS DIGITAL CAMERA\"},{\"@type\":\"BreadcrumbList\",\"@id\":\"https:\/\/demodrivers.org\/es\/metodologia\/#breadcrumb\",\"itemListElement\":[{\"@type\":\"ListItem\",\"position\":1,\"name\":\"Home\",\"item\":\"https:\/\/demodrivers.org\/es\/\"},{\"@type\":\"ListItem\",\"position\":2,\"name\":\"Metodolog\u00eda\"}]},{\"@type\":\"WebSite\",\"@id\":\"https:\/\/demodrivers.org\/es\/#website\",\"url\":\"https:\/\/demodrivers.org\/es\/\",\"name\":\"Demodrivers\",\"description\":\"\",\"publisher\":{\"@id\":\"https:\/\/demodrivers.org\/es\/#organization\"},\"potentialAction\":[{\"@type\":\"SearchAction\",\"target\":{\"@type\":\"EntryPoint\",\"urlTemplate\":\"https:\/\/demodrivers.org\/es\/?s={search_term_string}\"},\"query-input\":{\"@type\":\"PropertyValueSpecification\",\"valueRequired\":true,\"valueName\":\"search_term_string\"}}],\"inLanguage\":\"es\"},{\"@type\":\"Organization\",\"@id\":\"https:\/\/demodrivers.org\/es\/#organization\",\"name\":\"ERC Tradition\",\"url\":\"https:\/\/demodrivers.org\/es\/\",\"logo\":{\"@type\":\"ImageObject\",\"inLanguage\":\"es\",\"@id\":\"https:\/\/demodrivers.org\/es\/#\/schema\/logo\/image\/\",\"url\":\"https:\/\/demodrivers.org\/wp-content\/uploads\/2022\/06\/placeholder-image.jpg\",\"contentUrl\":\"https:\/\/demodrivers.org\/wp-content\/uploads\/2022\/06\/placeholder-image.jpg\",\"width\":1000,\"height\":750,\"caption\":\"ERC Tradition\"},\"image\":{\"@id\":\"https:\/\/demodrivers.org\/es\/#\/schema\/logo\/image\/\"},\"sameAs\":[\"https:\/\/www.facebook.com\/erctradition\/\",\"https:\/\/x.com\/ErcTradition\"]}]}<\/script>\n<!-- \/ Yoast SEO plugin. -->","yoast_head_json":{"title":"Metodolog\u00eda - Demodrivers","robots":{"index":"index","follow":"follow","max-snippet":"max-snippet:-1","max-image-preview":"max-image-preview:large","max-video-preview":"max-video-preview:-1"},"canonical":"https:\/\/demodrivers.org\/es\/metodologia\/","og_locale":"es_ES","og_type":"article","og_title":"Metodolog\u00eda - Demodrivers","og_description":"Este proyecto maximizar\u00e1 el rico potencial que tiene el registro arqueol\u00f3gico de Llanos de Moxos mediante un enfoque innovador. Mediremos la densidad de la ocupaci\u00f3n humana y sus l\u00edmites espaciales y temporales estudiando 150 n\u00facleos estratigr\u00e1ficos extra\u00eddos de 100 yacimientos arqueol\u00f3gicos distribuidos uniformemente. Nuestra metodolog\u00eda adopta una perspectiva interdisciplinar, integrando de forma eficiente la arqueolog\u00eda ... Leer m\u00e1s","og_url":"https:\/\/demodrivers.org\/es\/metodologia\/","og_site_name":"Demodrivers","article_publisher":"https:\/\/www.facebook.com\/erctradition\/","article_modified_time":"2025-04-02T09:41:23+00:00","og_image":[{"width":2560,"height":1312,"url":"https:\/\/demodrivers.org\/wp-content\/uploads\/2023\/12\/P9201132-2-scaled.jpg","type":"image\/jpeg"}],"twitter_card":"summary_large_image","twitter_site":"@ErcTradition","twitter_misc":{"Tiempo de lectura":"4 minutos"},"schema":{"@context":"https:\/\/schema.org","@graph":[{"@type":"WebPage","@id":"https:\/\/demodrivers.org\/es\/metodologia\/","url":"https:\/\/demodrivers.org\/es\/metodologia\/","name":"Metodolog\u00eda - Demodrivers","isPartOf":{"@id":"https:\/\/demodrivers.org\/es\/#website"},"primaryImageOfPage":{"@id":"https:\/\/demodrivers.org\/es\/metodologia\/#primaryimage"},"image":{"@id":"https:\/\/demodrivers.org\/es\/metodologia\/#primaryimage"},"thumbnailUrl":"https:\/\/demodrivers.org\/wp-content\/uploads\/2023\/12\/P9201132-2-scaled.jpg","datePublished":"2025-04-02T09:41:22+00:00","dateModified":"2025-04-02T09:41:23+00:00","breadcrumb":{"@id":"https:\/\/demodrivers.org\/es\/metodologia\/#breadcrumb"},"inLanguage":"es","potentialAction":[{"@type":"ReadAction","target":["https:\/\/demodrivers.org\/es\/metodologia\/"]}]},{"@type":"ImageObject","inLanguage":"es","@id":"https:\/\/demodrivers.org\/es\/metodologia\/#primaryimage","url":"https:\/\/demodrivers.org\/wp-content\/uploads\/2023\/12\/P9201132-2-scaled.jpg","contentUrl":"https:\/\/demodrivers.org\/wp-content\/uploads\/2023\/12\/P9201132-2-scaled.jpg","width":2560,"height":1312,"caption":"OLYMPUS DIGITAL CAMERA"},{"@type":"BreadcrumbList","@id":"https:\/\/demodrivers.org\/es\/metodologia\/#breadcrumb","itemListElement":[{"@type":"ListItem","position":1,"name":"Home","item":"https:\/\/demodrivers.org\/es\/"},{"@type":"ListItem","position":2,"name":"Metodolog\u00eda"}]},{"@type":"WebSite","@id":"https:\/\/demodrivers.org\/es\/#website","url":"https:\/\/demodrivers.org\/es\/","name":"Demodrivers","description":"","publisher":{"@id":"https:\/\/demodrivers.org\/es\/#organization"},"potentialAction":[{"@type":"SearchAction","target":{"@type":"EntryPoint","urlTemplate":"https:\/\/demodrivers.org\/es\/?s={search_term_string}"},"query-input":{"@type":"PropertyValueSpecification","valueRequired":true,"valueName":"search_term_string"}}],"inLanguage":"es"},{"@type":"Organization","@id":"https:\/\/demodrivers.org\/es\/#organization","name":"ERC Tradition","url":"https:\/\/demodrivers.org\/es\/","logo":{"@type":"ImageObject","inLanguage":"es","@id":"https:\/\/demodrivers.org\/es\/#\/schema\/logo\/image\/","url":"https:\/\/demodrivers.org\/wp-content\/uploads\/2022\/06\/placeholder-image.jpg","contentUrl":"https:\/\/demodrivers.org\/wp-content\/uploads\/2022\/06\/placeholder-image.jpg","width":1000,"height":750,"caption":"ERC Tradition"},"image":{"@id":"https:\/\/demodrivers.org\/es\/#\/schema\/logo\/image\/"},"sameAs":["https:\/\/www.facebook.com\/erctradition\/","https:\/\/x.com\/ErcTradition"]}]}},"_links":{"self":[{"href":"https:\/\/demodrivers.org\/es\/wp-json\/wp\/v2\/pages\/1728","targetHints":{"allow":["GET"]}}],"collection":[{"href":"https:\/\/demodrivers.org\/es\/wp-json\/wp\/v2\/pages"}],"about":[{"href":"https:\/\/demodrivers.org\/es\/wp-json\/wp\/v2\/types\/page"}],"author":[{"embeddable":true,"href":"https:\/\/demodrivers.org\/es\/wp-json\/wp\/v2\/users\/4"}],"replies":[{"embeddable":true,"href":"https:\/\/demodrivers.org\/es\/wp-json\/wp\/v2\/comments?post=1728"}],"version-history":[{"count":2,"href":"https:\/\/demodrivers.org\/es\/wp-json\/wp\/v2\/pages\/1728\/revisions"}],"predecessor-version":[{"id":1730,"href":"https:\/\/demodrivers.org\/es\/wp-json\/wp\/v2\/pages\/1728\/revisions\/1730"}],"wp:featuredmedia":[{"embeddable":true,"href":"https:\/\/demodrivers.org\/es\/wp-json\/wp\/v2\/media\/1279"}],"wp:attachment":[{"href":"https:\/\/demodrivers.org\/es\/wp-json\/wp\/v2\/media?parent=1728"}],"curies":[{"name":"wp","href":"https:\/\/api.w.org\/{rel}","templated":true}]}}