{"id":2004,"date":"2022-06-07T09:05:17","date_gmt":"2022-06-07T09:05:17","guid":{"rendered":"https:\/\/demodrivers.org\/metodologia-2\/"},"modified":"2025-04-09T10:40:22","modified_gmt":"2025-04-09T10:40:22","slug":"metodologia-2","status":"publish","type":"page","link":"https:\/\/demodrivers.org\/es\/metodologia-2\/","title":{"rendered":"Metodolog\u00eda"},"content":{"rendered":"\n<div class=\"wp-block-cover alignfull hero hero_01\"><span aria-hidden=\"true\" class=\"wp-block-cover__background has-background-dim-80 has-background-dim wp-block-cover__gradient-background has-background-gradient has-header-gradient-gradient-background\"><\/span><img loading=\"lazy\" decoding=\"async\" width=\"1920\" height=\"1280\" class=\"wp-block-cover__image-background wp-image-1382\" alt=\"\" src=\"https:\/\/demodrivers.org\/wp-content\/uploads\/2023\/12\/IMG_5611.jpg\" data-object-fit=\"cover\" srcset=\"https:\/\/demodrivers.org\/wp-content\/uploads\/2023\/12\/IMG_5611.jpg 1920w, https:\/\/demodrivers.org\/wp-content\/uploads\/2023\/12\/IMG_5611-300x200.jpg 300w, https:\/\/demodrivers.org\/wp-content\/uploads\/2023\/12\/IMG_5611-1124x749.jpg 1124w, https:\/\/demodrivers.org\/wp-content\/uploads\/2023\/12\/IMG_5611-800x533.jpg 800w, https:\/\/demodrivers.org\/wp-content\/uploads\/2023\/12\/IMG_5611-1536x1024.jpg 1536w, https:\/\/demodrivers.org\/wp-content\/uploads\/2023\/12\/IMG_5611-1500x1000.jpg 1500w\" sizes=\"auto, (max-width: 1920px) 100vw, 1920px\" \/><div class=\"wp-block-cover__inner-container is-layout-flow wp-block-cover-is-layout-flow\"><h1 class=\"has-text-align-center wp-block-post-title has-xx-large-fluid-font-size\">Metodolog\u00eda<\/h1><\/div><\/div>\n\n<div class=\"wp-block-group block-section is-content-justification-center is-nowrap is-layout-flex wp-container-core-group-is-layout-1 wp-block-group-is-layout-flex\">\n<div class=\"wp-block-columns is-layout-flex wp-container-core-columns-is-layout-1 wp-block-columns-is-layout-flex\">\n<div class=\"wp-block-column is-layout-constrained wp-container-core-column-is-layout-1 wp-block-column-is-layout-constrained\">\n<p class=\"has-text-align-center has-medium-font-size\">Este proyecto maximizar\u00e1 el gran potencial que ofrece el registro arqueol\u00f3gico de los Llanos de Moxos mediante un enfoque innovador. Analizaremos la densidad de ocupaci\u00f3n y sus l\u00edmites espaciales y temporales, estudiando 150 n\u00facleos estratigr\u00e1ficos extra\u00eddos de 100 yacimientos arqueol\u00f3gicos distribuidos uniformemente. La metodolog\u00eda que seguimos tiene un enfoque interdisciplinario, combinando la arqueolog\u00eda tradicional junto con disciplinas de vanguardia como la geoarqueolog\u00eda, la paleoclimatolog\u00eda, la paleoecolog\u00eda y la inteligencia artificial.<\/p>\n<\/div>\n<\/div>\n<\/div>\n\n<div class=\"wp-block-group alignfull block-section no-mobile-lateral-padding no-padding-bottom is-layout-flow wp-block-group-is-layout-flow\">\n<div class=\"wp-block-media-text alignwide is-stacked-on-mobile is-vertically-aligned-center is-image-fill-element has-primary-pale-background-color has-background\"><figure class=\"wp-block-media-text__media\"><img loading=\"lazy\" decoding=\"async\" width=\"1000\" height=\"1500\" src=\"https:\/\/demodrivers.org\/wp-content\/uploads\/2023\/12\/4b0de68c-a7e5-4f09-8dae-59bc43116fd6.jpg\" alt=\"\" class=\"wp-image-1388 size-full\" style=\"object-position:50% 50%\" srcset=\"https:\/\/demodrivers.org\/wp-content\/uploads\/2023\/12\/4b0de68c-a7e5-4f09-8dae-59bc43116fd6.jpg 1000w, https:\/\/demodrivers.org\/wp-content\/uploads\/2023\/12\/4b0de68c-a7e5-4f09-8dae-59bc43116fd6-200x300.jpg 200w, https:\/\/demodrivers.org\/wp-content\/uploads\/2023\/12\/4b0de68c-a7e5-4f09-8dae-59bc43116fd6-800x1200.jpg 800w\" sizes=\"auto, (max-width: 1000px) 100vw, 1000px\" \/><\/figure><div class=\"wp-block-media-text__content\">\n<div class=\"wp-block-group is-vertical is-content-justification-right is-layout-flex wp-container-core-group-is-layout-2 wp-block-group-is-layout-flex\" style=\"padding-top:60px;padding-bottom:60px\">\n<h2 class=\"wp-block-heading has-primary-color has-text-color has-large-font-size\" id=\"fusce-porttitor-a-mi-at-suscipit-facilisis-dolo\">Una nueva forma de muestrear yacimientos arqueol\u00f3gicos.<\/h2>\n\n\n\n<p>La innovadora metodolog\u00eda empleada por DEMODRIVERS, en la que se extraer\u00e1n n\u00facleos de numerosos yacimientos arqueol\u00f3gicos como si se trataran de lagos, demuestra la capacidad de obtener informaci\u00f3n crucial sobre el uso humano de la tierra y la organizaci\u00f3n social en el pasado. Esto se consigue combinando m\u00e9todos anal\u00edticos de vanguardia que hacen innecesarias la realizaci\u00f3n de excavaciones arqueol\u00f3gicas tradicionales. Este enfoque pionero es una nueva metodolog\u00eda m\u00ednimamente invasiva, que aborda una necesidad crucial en el campo del estudio de los yacimientos arqueol\u00f3gicos. DEMODRIVERS muestra c\u00f3mo la investigaci\u00f3n arqueol\u00f3gica puede ampliar su alcance desde la excavaci\u00f3n de unos pocos yacimientos hasta operar a escala regional, todo ello respetando limitaciones temporales y presupuestarias similares.<\/p>\n\n\n\n\n<a href=\"https:\/\/demodrivers.org\/news\/papers\/\" target=\"_self\" id=\"button-block_59fb4d141a6e3e2e9b6e1ecd7c2d5413\" class=\"button default default clear add-icon-on-right\">\nEncuentra los resultados<svg class=\"icon\" viewBox=\"0 0 60 60\"><use xlink:href=\"#siguiente\"><\/use><\/svg>\n\n<\/a><\/div>\n<\/div><\/div>\n\n\n\n<div class=\"wp-block-media-text alignwide has-media-on-the-right is-stacked-on-mobile is-vertically-aligned-center is-image-fill-element has-primary-pale-background-color has-background\"><div class=\"wp-block-media-text__content\">\n<div class=\"wp-block-group is-vertical is-content-justification-right is-layout-flex wp-container-core-group-is-layout-3 wp-block-group-is-layout-flex\" style=\"padding-top:60px;padding-bottom:60px\">\n<h2 class=\"wp-block-heading has-primary-color has-text-color has-large-font-size\" id=\"fusce-porttitor-a-mi-at-suscipit-facilisis-dolo\">Ampliaci\u00f3n del an\u00e1lisis de fitolitos.<\/h2>\n\n\n\n<p>En estos momentos estamos implementando tres mejoras metodol\u00f3gicas para aumentar la rapidez y eficacia del an\u00e1lisis de fitolitos. En primer lugar, estamos perfeccionando nuestro protocolo de extracci\u00f3n de fitolitos (Lombardo et al., 2016) para agilizar el proceso y aumentar el n\u00famero de muestras procesadas por semana. En segundo lugar, estamos desarrollando una nueva norma para optimizar el montaje de fitolitos en portaobjetos de vidrio para escanearlos con nuestro esc\u00e1ner de microscopio Olympus VS200. Por \u00faltimo, estamos entrenando sistemas de inteligencia artificial para identificar fitolitos en diapositivas digitales. Estos avances nos permitir\u00e1n procesar y analizar m\u00e1s de 2.000 muestras de fitolitos en el plazo previsto para el proyecto de DEMODRIVERS.<\/p>\n\n\n\n<p><\/p>\n\n\n\n\n<a href=\"https:\/\/demodrivers.org\/news\/papers\/\" target=\"_self\" id=\"button-block_59fb4d141a6e3e2e9b6e1ecd7c2d5413\" class=\"button default default clear add-icon-on-right\">\nEncuentra los resultados<svg class=\"icon\" viewBox=\"0 0 60 60\"><use xlink:href=\"#siguiente\"><\/use><\/svg>\n\n<\/a><\/div>\n<\/div><figure class=\"wp-block-media-text__media\"><img loading=\"lazy\" decoding=\"async\" width=\"1124\" height=\"843\" src=\"https:\/\/demodrivers.org\/wp-content\/uploads\/2023\/12\/WhatsApp-Image-2023-12-19-at-10.55.46-1124x843.jpeg\" alt=\"\" class=\"wp-image-1390 size-full\" style=\"object-position:50% 50%\" srcset=\"https:\/\/demodrivers.org\/wp-content\/uploads\/2023\/12\/WhatsApp-Image-2023-12-19-at-10.55.46-1124x843.jpeg 1124w, https:\/\/demodrivers.org\/wp-content\/uploads\/2023\/12\/WhatsApp-Image-2023-12-19-at-10.55.46-300x225.jpeg 300w, https:\/\/demodrivers.org\/wp-content\/uploads\/2023\/12\/WhatsApp-Image-2023-12-19-at-10.55.46-800x600.jpeg 800w, https:\/\/demodrivers.org\/wp-content\/uploads\/2023\/12\/WhatsApp-Image-2023-12-19-at-10.55.46-1536x1152.jpeg 1536w, https:\/\/demodrivers.org\/wp-content\/uploads\/2023\/12\/WhatsApp-Image-2023-12-19-at-10.55.46-1500x1125.jpeg 1500w, https:\/\/demodrivers.org\/wp-content\/uploads\/2023\/12\/WhatsApp-Image-2023-12-19-at-10.55.46.jpeg 2000w\" sizes=\"auto, (max-width: 1124px) 100vw, 1124px\" \/><\/figure><\/div>\n\n\n\n<div class=\"wp-block-media-text alignwide is-stacked-on-mobile is-vertically-aligned-center is-image-fill-element has-primary-pale-background-color has-background\"><figure class=\"wp-block-media-text__media\"><img loading=\"lazy\" decoding=\"async\" width=\"1124\" height=\"596\" src=\"https:\/\/demodrivers.org\/wp-content\/uploads\/2024\/02\/Captura-de-pantalla-2024-01-29-094244-1-1124x596.png\" alt=\"\" class=\"wp-image-1399 size-full\" style=\"object-position:50% 50%\" srcset=\"https:\/\/demodrivers.org\/wp-content\/uploads\/2024\/02\/Captura-de-pantalla-2024-01-29-094244-1-1124x596.png 1124w, https:\/\/demodrivers.org\/wp-content\/uploads\/2024\/02\/Captura-de-pantalla-2024-01-29-094244-1-300x159.png 300w, https:\/\/demodrivers.org\/wp-content\/uploads\/2024\/02\/Captura-de-pantalla-2024-01-29-094244-1-800x424.png 800w, https:\/\/demodrivers.org\/wp-content\/uploads\/2024\/02\/Captura-de-pantalla-2024-01-29-094244-1-1536x814.png 1536w, https:\/\/demodrivers.org\/wp-content\/uploads\/2024\/02\/Captura-de-pantalla-2024-01-29-094244-1-1500x795.png 1500w, https:\/\/demodrivers.org\/wp-content\/uploads\/2024\/02\/Captura-de-pantalla-2024-01-29-094244-1.png 1803w\" sizes=\"auto, (max-width: 1124px) 100vw, 1124px\" \/><\/figure><div class=\"wp-block-media-text__content\">\n<div class=\"wp-block-group is-vertical is-content-justification-right is-layout-flex wp-container-core-group-is-layout-4 wp-block-group-is-layout-flex\" style=\"padding-top:60px;padding-bottom:60px\">\n<h2 class=\"wp-block-heading has-primary-color has-text-color has-large-font-size\" id=\"fusce-porttitor-a-mi-at-suscipit-facilisis-dolo\">Encuestas LIDAR.<\/h2>\n\n\n\n<p>La tecnolog\u00eda de teledetecci\u00f3 LiDAR, del acr\u00f3nimo ingl\u00e9s de \u00abdetecci\u00f3n y localizaci\u00f3n por luz\u00bb desempe\u00f1a un papel fundamental en la investigaci\u00f3n arqueol\u00f3gica moderna debido a su capacidad \u00fanica para penetrar en la vegetaci\u00f3n y poder revelar la topograf\u00eda. En el marco de nuestras campa\u00f1as arqueol\u00f3gicas, empleamos una herramienta integrada dron-LIDAR que nos ha proporcionado DJI. Para la adquisici\u00f3n de datos topogr\u00e1ficos de las Islas Forestales utilizamos el sensor LIDAR Zenmuse L1, montado en el dron Matrice 300 RTK junto con una estaci\u00f3n m\u00f3vil D-RTK2. Este sistema es f\u00e1cil de transportar y implementar. La configuraci\u00f3n resultante produce nubes de puntos de alta calidad caracterizadas por una precisi\u00f3n subm\u00e9trica. El sensor puede registrar hasta tres retornos, lo que garantiza la captura de puntos del terreno, que se clasifican posteriormente mediante un software espec\u00edfico. Posteriormente, los puntos del terreno identificados se utilizan para la generaci\u00f3n de modelos digitales de elevaci\u00f3n con una resoluci\u00f3n de 10 cent\u00edmetros por p\u00edxel. El MDE de alta resoluci\u00f3n obtenido se utiliza para extraer varios par\u00e1metros morfol\u00f3gicos, lo que permite identificar tendencias y variabilidades dentro de los yacimientos arqueol\u00f3gicos. Este enfoque nos ha permitido medir la topograf\u00eda de 59 islas forestales durante el trabajo de campo que realizamos en 2023.<\/p>\n\n\n\n\n<a href=\"https:\/\/demodrivers.org\/news\/papers\/\" target=\"_self\" id=\"button-block_59fb4d141a6e3e2e9b6e1ecd7c2d5413\" class=\"button default default clear add-icon-on-right\">\nEncuentra los resultados<svg class=\"icon\" viewBox=\"0 0 60 60\"><use xlink:href=\"#siguiente\"><\/use><\/svg>\n\n<\/a><\/div>\n<\/div><\/div>\n\n\n\n<div class=\"wp-block-media-text alignwide has-media-on-the-right is-stacked-on-mobile is-vertically-aligned-center is-image-fill-element has-primary-pale-background-color has-background\"><div class=\"wp-block-media-text__content\">\n<div class=\"wp-block-group is-vertical is-content-justification-right is-layout-flex wp-container-core-group-is-layout-5 wp-block-group-is-layout-flex\" style=\"padding-top:60px;padding-bottom:60px\">\n<h2 class=\"wp-block-heading has-primary-color has-text-color has-large-font-size\" id=\"fusce-porttitor-a-mi-at-suscipit-facilisis-dolo\">An\u00e1lisis de la composici\u00f3n isot\u00f3pica del hidr\u00f3geno (\u03b4D)<\/h2>\n\n\n\n<p>La composici\u00f3n isot\u00f3pica del hidr\u00f3geno en el agua cambia durante la evaporaci\u00f3n y la precipitaci\u00f3n. Durante la evaporaci\u00f3n, el agua pierde is\u00f3topos pesados de ox\u00edgeno (O) e hidr\u00f3geno (H), mientras que durante la precipitaci\u00f3n, el agua se enriquece en estos is\u00f3topos pesados. Al rastrear los cambios en la composici\u00f3n isot\u00f3pica del hidr\u00f3geno (\u03b4D) a lo largo de un perfil estratigr\u00e1fico, es posible reconstruir los registros de precipitaci\u00f3n del pasado. Para ello, analizamos la composici\u00f3n isot\u00f3pica del hidr\u00f3geno (\u03b4D) de ceras vegetales extra\u00eddas del interior de un lago y de islas forestales. Las ceras vegetales producidas por plantas terrestres contienen <em>n<\/em>-alcanos de cadena larga, compuestos refractarios que conservan sus distribuciones y composiciones isot\u00f3picas durante miles de a\u00f1os.<\/p>\n\n\n\n<p>Este proyecto se lleva a cabo en cooperaci\u00f3n con el Dr. Enno Schefu\u00df en MARUM (Bremen, Alemania). En el ICTA se extraer\u00e1n los <em>n<\/em>-alcanos de suelos, plantas y muestras de islas forestales, mientras que en MARUM se llevar\u00e1n a cabo los an\u00e1lisis de is\u00f3topos estables de hidr\u00f3geno espec\u00edficos de cada compuesto para evaluar los cambios hidrol\u00f3gicos del pasado. En MARUM hay un laboratorio especializado equipado con varios espectr\u00f3metros de masas, lo que garantiza an\u00e1lisis isot\u00f3picos espec\u00edficos de cada compuesto de muy alta precisi\u00f3n.<\/p>\n\n\n\n\n<a href=\"https:\/\/demodrivers.org\/news\/papers\/\" target=\"_self\" id=\"button-block_59fb4d141a6e3e2e9b6e1ecd7c2d5413\" class=\"button default default clear add-icon-on-right\">\nEncuentra los resultados<svg class=\"icon\" viewBox=\"0 0 60 60\"><use xlink:href=\"#siguiente\"><\/use><\/svg>\n\n<\/a><\/div>\n<\/div><figure class=\"wp-block-media-text__media\"><img loading=\"lazy\" decoding=\"async\" width=\"1124\" height=\"1499\" src=\"https:\/\/demodrivers.org\/wp-content\/uploads\/2024\/02\/WhatsApp-Image-2024-02-19-at-16.22.05-1124x1499.jpeg\" alt=\"\" class=\"wp-image-1404 size-full\" style=\"object-position:50% 50%\" srcset=\"https:\/\/demodrivers.org\/wp-content\/uploads\/2024\/02\/WhatsApp-Image-2024-02-19-at-16.22.05-1124x1499.jpeg 1124w, https:\/\/demodrivers.org\/wp-content\/uploads\/2024\/02\/WhatsApp-Image-2024-02-19-at-16.22.05-225x300.jpeg 225w, https:\/\/demodrivers.org\/wp-content\/uploads\/2024\/02\/WhatsApp-Image-2024-02-19-at-16.22.05-800x1067.jpeg 800w, https:\/\/demodrivers.org\/wp-content\/uploads\/2024\/02\/WhatsApp-Image-2024-02-19-at-16.22.05-1152x1536.jpeg 1152w, https:\/\/demodrivers.org\/wp-content\/uploads\/2024\/02\/WhatsApp-Image-2024-02-19-at-16.22.05.jpeg 1500w\" sizes=\"auto, (max-width: 1124px) 100vw, 1124px\" \/><\/figure><\/div>\n<\/div>\n","protected":false},"excerpt":{"rendered":"<p>Este proyecto maximizar\u00e1 el gran potencial que ofrece el registro arqueol\u00f3gico de los Llanos de Moxos mediante un enfoque innovador. Analizaremos la densidad de ocupaci\u00f3n y sus l\u00edmites espaciales y temporales, estudiando 150 n\u00facleos estratigr\u00e1ficos extra\u00eddos de 100 yacimientos arqueol\u00f3gicos distribuidos uniformemente. La metodolog\u00eda que seguimos tiene un enfoque interdisciplinario, combinando la arqueolog\u00eda tradicional junto<a class=\"excerpt-read-more\" href=\"https:\/\/demodrivers.org\/es\/metodologia-2\/\" title=\"Leer m\u00e1sMetodolog\u00eda\"> &#8230; Leer m\u00e1s<\/a><\/p>\n","protected":false},"author":1,"featured_media":0,"parent":0,"menu_order":0,"comment_status":"closed","ping_status":"closed","template":"","meta":{"_acf_changed":false,"footnotes":""},"class_list":["post-2004","page","type-page","status-publish","hentry"],"acf":[],"yoast_head":"<!-- This site is optimized with the Yoast SEO plugin v24.5 - https:\/\/yoast.com\/wordpress\/plugins\/seo\/ -->\n<title>Metodolog\u00eda - Demodrivers<\/title>\n<meta name=\"robots\" content=\"index, follow, max-snippet:-1, max-image-preview:large, max-video-preview:-1\" \/>\n<link rel=\"canonical\" href=\"https:\/\/demodrivers.org\/es\/metodologia-2\/\" \/>\n<meta property=\"og:locale\" content=\"es_ES\" \/>\n<meta property=\"og:type\" content=\"article\" \/>\n<meta property=\"og:title\" content=\"Metodolog\u00eda - Demodrivers\" \/>\n<meta property=\"og:description\" content=\"Este proyecto maximizar\u00e1 el gran potencial que ofrece el registro arqueol\u00f3gico de los Llanos de Moxos mediante un enfoque innovador. Analizaremos la densidad de ocupaci\u00f3n y sus l\u00edmites espaciales y temporales, estudiando 150 n\u00facleos estratigr\u00e1ficos extra\u00eddos de 100 yacimientos arqueol\u00f3gicos distribuidos uniformemente. La metodolog\u00eda que seguimos tiene un enfoque interdisciplinario, combinando la arqueolog\u00eda tradicional junto ... Leer m\u00e1s\" \/>\n<meta property=\"og:url\" content=\"https:\/\/demodrivers.org\/es\/metodologia-2\/\" \/>\n<meta property=\"og:site_name\" content=\"Demodrivers\" \/>\n<meta property=\"article:publisher\" content=\"https:\/\/www.facebook.com\/erctradition\/\" \/>\n<meta property=\"article:modified_time\" content=\"2025-04-09T10:40:22+00:00\" \/>\n<meta property=\"og:image\" content=\"https:\/\/demodrivers.org\/wp-content\/uploads\/2023\/12\/IMG_5611.jpg\" \/>\n\t<meta property=\"og:image:width\" content=\"1920\" \/>\n\t<meta property=\"og:image:height\" content=\"1280\" \/>\n\t<meta property=\"og:image:type\" content=\"image\/jpeg\" \/>\n<meta name=\"twitter:card\" content=\"summary_large_image\" \/>\n<meta name=\"twitter:site\" content=\"@ErcTradition\" \/>\n<meta name=\"twitter:label1\" content=\"Tiempo de lectura\" \/>\n\t<meta name=\"twitter:data1\" content=\"4 minutos\" \/>\n<script type=\"application\/ld+json\" class=\"yoast-schema-graph\">{\"@context\":\"https:\/\/schema.org\",\"@graph\":[{\"@type\":\"WebPage\",\"@id\":\"https:\/\/demodrivers.org\/es\/metodologia-2\/\",\"url\":\"https:\/\/demodrivers.org\/es\/metodologia-2\/\",\"name\":\"Metodolog\u00eda - Demodrivers\",\"isPartOf\":{\"@id\":\"https:\/\/demodrivers.org\/es\/#website\"},\"primaryImageOfPage\":{\"@id\":\"https:\/\/demodrivers.org\/es\/metodologia-2\/#primaryimage\"},\"image\":{\"@id\":\"https:\/\/demodrivers.org\/es\/metodologia-2\/#primaryimage\"},\"thumbnailUrl\":\"https:\/\/demodrivers.org\/wp-content\/uploads\/2023\/12\/IMG_5611.jpg\",\"datePublished\":\"2022-06-07T09:05:17+00:00\",\"dateModified\":\"2025-04-09T10:40:22+00:00\",\"breadcrumb\":{\"@id\":\"https:\/\/demodrivers.org\/es\/metodologia-2\/#breadcrumb\"},\"inLanguage\":\"es\",\"potentialAction\":[{\"@type\":\"ReadAction\",\"target\":[\"https:\/\/demodrivers.org\/es\/metodologia-2\/\"]}]},{\"@type\":\"ImageObject\",\"inLanguage\":\"es\",\"@id\":\"https:\/\/demodrivers.org\/es\/metodologia-2\/#primaryimage\",\"url\":\"https:\/\/demodrivers.org\/wp-content\/uploads\/2023\/12\/IMG_5611.jpg\",\"contentUrl\":\"https:\/\/demodrivers.org\/wp-content\/uploads\/2023\/12\/IMG_5611.jpg\"},{\"@type\":\"BreadcrumbList\",\"@id\":\"https:\/\/demodrivers.org\/es\/metodologia-2\/#breadcrumb\",\"itemListElement\":[{\"@type\":\"ListItem\",\"position\":1,\"name\":\"Home\",\"item\":\"https:\/\/demodrivers.org\/es\/\"},{\"@type\":\"ListItem\",\"position\":2,\"name\":\"Metodolog\u00eda\"}]},{\"@type\":\"WebSite\",\"@id\":\"https:\/\/demodrivers.org\/es\/#website\",\"url\":\"https:\/\/demodrivers.org\/es\/\",\"name\":\"Demodrivers\",\"description\":\"\",\"publisher\":{\"@id\":\"https:\/\/demodrivers.org\/es\/#organization\"},\"potentialAction\":[{\"@type\":\"SearchAction\",\"target\":{\"@type\":\"EntryPoint\",\"urlTemplate\":\"https:\/\/demodrivers.org\/es\/?s={search_term_string}\"},\"query-input\":{\"@type\":\"PropertyValueSpecification\",\"valueRequired\":true,\"valueName\":\"search_term_string\"}}],\"inLanguage\":\"es\"},{\"@type\":\"Organization\",\"@id\":\"https:\/\/demodrivers.org\/es\/#organization\",\"name\":\"ERC Tradition\",\"url\":\"https:\/\/demodrivers.org\/es\/\",\"logo\":{\"@type\":\"ImageObject\",\"inLanguage\":\"es\",\"@id\":\"https:\/\/demodrivers.org\/es\/#\/schema\/logo\/image\/\",\"url\":\"https:\/\/demodrivers.org\/wp-content\/uploads\/2022\/06\/placeholder-image.jpg\",\"contentUrl\":\"https:\/\/demodrivers.org\/wp-content\/uploads\/2022\/06\/placeholder-image.jpg\",\"width\":1000,\"height\":750,\"caption\":\"ERC Tradition\"},\"image\":{\"@id\":\"https:\/\/demodrivers.org\/es\/#\/schema\/logo\/image\/\"},\"sameAs\":[\"https:\/\/www.facebook.com\/erctradition\/\",\"https:\/\/x.com\/ErcTradition\"]}]}<\/script>\n<!-- \/ Yoast SEO plugin. -->","yoast_head_json":{"title":"Metodolog\u00eda - Demodrivers","robots":{"index":"index","follow":"follow","max-snippet":"max-snippet:-1","max-image-preview":"max-image-preview:large","max-video-preview":"max-video-preview:-1"},"canonical":"https:\/\/demodrivers.org\/es\/metodologia-2\/","og_locale":"es_ES","og_type":"article","og_title":"Metodolog\u00eda - Demodrivers","og_description":"Este proyecto maximizar\u00e1 el gran potencial que ofrece el registro arqueol\u00f3gico de los Llanos de Moxos mediante un enfoque innovador. Analizaremos la densidad de ocupaci\u00f3n y sus l\u00edmites espaciales y temporales, estudiando 150 n\u00facleos estratigr\u00e1ficos extra\u00eddos de 100 yacimientos arqueol\u00f3gicos distribuidos uniformemente. La metodolog\u00eda que seguimos tiene un enfoque interdisciplinario, combinando la arqueolog\u00eda tradicional junto ... Leer m\u00e1s","og_url":"https:\/\/demodrivers.org\/es\/metodologia-2\/","og_site_name":"Demodrivers","article_publisher":"https:\/\/www.facebook.com\/erctradition\/","article_modified_time":"2025-04-09T10:40:22+00:00","og_image":[{"width":1920,"height":1280,"url":"https:\/\/demodrivers.org\/wp-content\/uploads\/2023\/12\/IMG_5611.jpg","type":"image\/jpeg"}],"twitter_card":"summary_large_image","twitter_site":"@ErcTradition","twitter_misc":{"Tiempo de lectura":"4 minutos"},"schema":{"@context":"https:\/\/schema.org","@graph":[{"@type":"WebPage","@id":"https:\/\/demodrivers.org\/es\/metodologia-2\/","url":"https:\/\/demodrivers.org\/es\/metodologia-2\/","name":"Metodolog\u00eda - Demodrivers","isPartOf":{"@id":"https:\/\/demodrivers.org\/es\/#website"},"primaryImageOfPage":{"@id":"https:\/\/demodrivers.org\/es\/metodologia-2\/#primaryimage"},"image":{"@id":"https:\/\/demodrivers.org\/es\/metodologia-2\/#primaryimage"},"thumbnailUrl":"https:\/\/demodrivers.org\/wp-content\/uploads\/2023\/12\/IMG_5611.jpg","datePublished":"2022-06-07T09:05:17+00:00","dateModified":"2025-04-09T10:40:22+00:00","breadcrumb":{"@id":"https:\/\/demodrivers.org\/es\/metodologia-2\/#breadcrumb"},"inLanguage":"es","potentialAction":[{"@type":"ReadAction","target":["https:\/\/demodrivers.org\/es\/metodologia-2\/"]}]},{"@type":"ImageObject","inLanguage":"es","@id":"https:\/\/demodrivers.org\/es\/metodologia-2\/#primaryimage","url":"https:\/\/demodrivers.org\/wp-content\/uploads\/2023\/12\/IMG_5611.jpg","contentUrl":"https:\/\/demodrivers.org\/wp-content\/uploads\/2023\/12\/IMG_5611.jpg"},{"@type":"BreadcrumbList","@id":"https:\/\/demodrivers.org\/es\/metodologia-2\/#breadcrumb","itemListElement":[{"@type":"ListItem","position":1,"name":"Home","item":"https:\/\/demodrivers.org\/es\/"},{"@type":"ListItem","position":2,"name":"Metodolog\u00eda"}]},{"@type":"WebSite","@id":"https:\/\/demodrivers.org\/es\/#website","url":"https:\/\/demodrivers.org\/es\/","name":"Demodrivers","description":"","publisher":{"@id":"https:\/\/demodrivers.org\/es\/#organization"},"potentialAction":[{"@type":"SearchAction","target":{"@type":"EntryPoint","urlTemplate":"https:\/\/demodrivers.org\/es\/?s={search_term_string}"},"query-input":{"@type":"PropertyValueSpecification","valueRequired":true,"valueName":"search_term_string"}}],"inLanguage":"es"},{"@type":"Organization","@id":"https:\/\/demodrivers.org\/es\/#organization","name":"ERC Tradition","url":"https:\/\/demodrivers.org\/es\/","logo":{"@type":"ImageObject","inLanguage":"es","@id":"https:\/\/demodrivers.org\/es\/#\/schema\/logo\/image\/","url":"https:\/\/demodrivers.org\/wp-content\/uploads\/2022\/06\/placeholder-image.jpg","contentUrl":"https:\/\/demodrivers.org\/wp-content\/uploads\/2022\/06\/placeholder-image.jpg","width":1000,"height":750,"caption":"ERC Tradition"},"image":{"@id":"https:\/\/demodrivers.org\/es\/#\/schema\/logo\/image\/"},"sameAs":["https:\/\/www.facebook.com\/erctradition\/","https:\/\/x.com\/ErcTradition"]}]}},"_links":{"self":[{"href":"https:\/\/demodrivers.org\/es\/wp-json\/wp\/v2\/pages\/2004","targetHints":{"allow":["GET"]}}],"collection":[{"href":"https:\/\/demodrivers.org\/es\/wp-json\/wp\/v2\/pages"}],"about":[{"href":"https:\/\/demodrivers.org\/es\/wp-json\/wp\/v2\/types\/page"}],"author":[{"embeddable":true,"href":"https:\/\/demodrivers.org\/es\/wp-json\/wp\/v2\/users\/1"}],"replies":[{"embeddable":true,"href":"https:\/\/demodrivers.org\/es\/wp-json\/wp\/v2\/comments?post=2004"}],"version-history":[{"count":5,"href":"https:\/\/demodrivers.org\/es\/wp-json\/wp\/v2\/pages\/2004\/revisions"}],"predecessor-version":[{"id":2027,"href":"https:\/\/demodrivers.org\/es\/wp-json\/wp\/v2\/pages\/2004\/revisions\/2027"}],"wp:attachment":[{"href":"https:\/\/demodrivers.org\/es\/wp-json\/wp\/v2\/media?parent=2004"}],"curies":[{"name":"wp","href":"https:\/\/api.w.org\/{rel}","templated":true}]}}